{"id":359,"date":"2024-03-29T19:34:24","date_gmt":"2024-03-29T18:34:24","guid":{"rendered":"http:\/\/powertekfrance.fr\/?page_id=359"},"modified":"2024-11-08T18:46:52","modified_gmt":"2024-11-08T17:46:52","slug":"services","status":"publish","type":"page","link":"https:\/\/powertekfrance.fr\/index.php\/services\/","title":{"rendered":"Services"},"content":{"rendered":"\t\t<div data-elementor-type=\"wp-page\" data-elementor-id=\"359\" class=\"elementor elementor-359\" data-elementor-post-type=\"page\">\n\t\t\t\t<div class=\"elementor-element elementor-element-1da17bc e-flex e-con-boxed e-con e-parent\" data-id=\"1da17bc\" data-element_type=\"container\" data-settings=\"{&quot;background_background&quot;:&quot;classic&quot;,&quot;_ha_eqh_enable&quot;:false}\">\n\t\t\t\t\t<div class=\"e-con-inner\">\n\t\t\t\t<div class=\"elementor-element elementor-element-1eca3ef elementor-widget elementor-widget-heading\" data-id=\"1eca3ef\" data-element_type=\"widget\" data-widget_type=\"heading.default\">\n\t\t\t\t<div class=\"elementor-widget-container\">\n\t\t\t<style>\/*! elementor - v3.21.0 - 25-04-2024 *\/\n.elementor-heading-title{padding:0;margin:0;line-height:1}.elementor-widget-heading .elementor-heading-title[class*=elementor-size-]>a{color:inherit;font-size:inherit;line-height:inherit}.elementor-widget-heading .elementor-heading-title.elementor-size-small{font-size:15px}.elementor-widget-heading .elementor-heading-title.elementor-size-medium{font-size:19px}.elementor-widget-heading .elementor-heading-title.elementor-size-large{font-size:29px}.elementor-widget-heading .elementor-heading-title.elementor-size-xl{font-size:39px}.elementor-widget-heading .elementor-heading-title.elementor-size-xxl{font-size:59px}<\/style><h2 class=\"elementor-heading-title elementor-size-default\">Services<\/h2>\t\t<\/div>\n\t\t\t\t<\/div>\n\t\t\t\t\t<\/div>\n\t\t\t\t<\/div>\n\t\t<div class=\"elementor-element elementor-element-debc657 e-con-full e-flex e-con e-parent\" data-id=\"debc657\" data-element_type=\"container\" data-settings=\"{&quot;_ha_eqh_enable&quot;:false}\">\n\t\t<div class=\"elementor-element elementor-element-92b870f e-con-full e-flex e-con e-child\" data-id=\"92b870f\" data-element_type=\"container\" data-settings=\"{&quot;background_background&quot;:&quot;classic&quot;,&quot;_ha_eqh_enable&quot;:false}\">\n\t\t<div class=\"elementor-element elementor-element-3a1f9f2 e-con-full e-flex e-con e-child\" data-id=\"3a1f9f2\" data-element_type=\"container\" data-settings=\"{&quot;_ha_eqh_enable&quot;:false}\">\n\t\t\t\t<div class=\"elementor-element elementor-element-697c608 elementor-widget elementor-widget-image\" data-id=\"697c608\" data-element_type=\"widget\" data-widget_type=\"image.default\">\n\t\t\t\t<div class=\"elementor-widget-container\">\n\t\t\t<style>\/*! elementor - v3.21.0 - 25-04-2024 *\/\n.elementor-widget-image{text-align:center}.elementor-widget-image a{display:inline-block}.elementor-widget-image a img[src$=\".svg\"]{width:48px}.elementor-widget-image img{vertical-align:middle;display:inline-block}<\/style>\t\t\t\t\t\t\t\t\t\t<img fetchpriority=\"high\" decoding=\"async\" width=\"1160\" height=\"844\" src=\"https:\/\/powertekfrance.fr\/wp-content\/uploads\/2024\/05\/Inspection-des-parafoudres-sous-tension.png\" class=\"attachment-full size-full wp-image-1263\" alt=\"Inspection des parafoudres sous tension\" srcset=\"https:\/\/powertekfrance.fr\/wp-content\/uploads\/2024\/05\/Inspection-des-parafoudres-sous-tension.png 1160w, https:\/\/powertekfrance.fr\/wp-content\/uploads\/2024\/05\/Inspection-des-parafoudres-sous-tension-300x218.png 300w, https:\/\/powertekfrance.fr\/wp-content\/uploads\/2024\/05\/Inspection-des-parafoudres-sous-tension-1024x745.png 1024w, https:\/\/powertekfrance.fr\/wp-content\/uploads\/2024\/05\/Inspection-des-parafoudres-sous-tension-768x559.png 768w\" sizes=\"(max-width: 1160px) 100vw, 1160px\" \/>\t\t\t\t\t\t\t\t\t\t\t\t\t<\/div>\n\t\t\t\t<\/div>\n\t\t\t\t<\/div>\n\t\t<div class=\"elementor-element elementor-element-ccfda32 e-con-full e-flex e-con e-child\" data-id=\"ccfda32\" data-element_type=\"container\" data-settings=\"{&quot;_ha_eqh_enable&quot;:false}\">\n\t\t\t\t<div class=\"elementor-element elementor-element-e2228a1 elementor-widget-tablet__width-initial elementor-widget-mobile__width-initial elementor-widget elementor-widget-heading\" data-id=\"e2228a1\" data-element_type=\"widget\" data-widget_type=\"heading.default\">\n\t\t\t\t<div class=\"elementor-widget-container\">\n\t\t\t<h6 class=\"elementor-heading-title elementor-size-default\">Essais et diagnostiques<\/h6>\t\t<\/div>\n\t\t\t\t<\/div>\n\t\t\t\t<\/div>\n\t\t<div class=\"elementor-element elementor-element-2238bab e-con-full e-flex e-con e-child\" data-id=\"2238bab\" data-element_type=\"container\" data-settings=\"{&quot;_ha_eqh_enable&quot;:false}\">\n\t\t\t\t<div class=\"elementor-element elementor-element-04702ae elementor-widget elementor-widget-text-editor\" data-id=\"04702ae\" data-element_type=\"widget\" data-widget_type=\"text-editor.default\">\n\t\t\t\t<div class=\"elementor-widget-container\">\n\t\t\t<style>\/*! elementor - v3.21.0 - 25-04-2024 *\/\n.elementor-widget-text-editor.elementor-drop-cap-view-stacked .elementor-drop-cap{background-color:#69727d;color:#fff}.elementor-widget-text-editor.elementor-drop-cap-view-framed .elementor-drop-cap{color:#69727d;border:3px solid;background-color:transparent}.elementor-widget-text-editor:not(.elementor-drop-cap-view-default) .elementor-drop-cap{margin-top:8px}.elementor-widget-text-editor:not(.elementor-drop-cap-view-default) .elementor-drop-cap-letter{width:1em;height:1em}.elementor-widget-text-editor .elementor-drop-cap{float:left;text-align:center;line-height:1;font-size:50px}.elementor-widget-text-editor .elementor-drop-cap-letter{display:inline-block}<\/style>\t\t\t\t<p><span style=\"font-weight: 400;\">Le parafoudre est un \u00e9l\u00e9ment de protection essentiel de vos transformateurs. Notre service d&#8217;inspection HT des parafoudres \u00e0 oxyde m\u00e9tallique est r\u00e9alis\u00e9 en ligne. En 15 minutes, nos experts v\u00e9rifient l&#8217;\u00e9tat de vos parafoudres pour s&#8217;assurer que vos transformateurs sont toujours correctement prot\u00e9g\u00e9s. Technique de surveillance \u00e9prouv\u00e9e et reconnue utilisant l&#8217;analyse harmonique de troisi\u00e8me ordre avec compensation. \u00c9valu\u00e9 selon la norme CEI 60099-5 comme la meilleure technique de surveillance de terrain pour les parafoudres \u00e0 oxyde m\u00e9tallique (MOSA). Le LCM500 enregistre la tension et la temp\u00e9rature de fonctionnement pendant les mesures sur le terrain. Les mesures effectu\u00e9es dans diff\u00e9rentes conditions peuvent ainsi \u00eatre facilement compar\u00e9es.<\/span><\/p>\t\t\t\t\t\t<\/div>\n\t\t\t\t<\/div>\n\t\t\t\t<\/div>\n\t\t\t\t<\/div>\n\t\t<div class=\"elementor-element elementor-element-2c8cbc5 e-con-full e-flex e-con e-child\" data-id=\"2c8cbc5\" data-element_type=\"container\" data-settings=\"{&quot;background_background&quot;:&quot;classic&quot;,&quot;_ha_eqh_enable&quot;:false}\">\n\t\t<div class=\"elementor-element elementor-element-2185b4c e-con-full e-flex e-con e-child\" data-id=\"2185b4c\" data-element_type=\"container\" data-settings=\"{&quot;_ha_eqh_enable&quot;:false}\">\n\t\t\t\t<div class=\"elementor-element elementor-element-bbbc896 elementor-widget elementor-widget-image\" data-id=\"bbbc896\" data-element_type=\"widget\" data-widget_type=\"image.default\">\n\t\t\t\t<div class=\"elementor-widget-container\">\n\t\t\t\t\t\t\t\t\t\t\t\t\t<img decoding=\"async\" width=\"1880\" height=\"1253\" src=\"https:\/\/powertekfrance.fr\/wp-content\/uploads\/2024\/04\/Image-Test-Blog-MonAppliSante.jpeg\" class=\"attachment-full size-full wp-image-756\" alt=\"\" srcset=\"https:\/\/powertekfrance.fr\/wp-content\/uploads\/2024\/04\/Image-Test-Blog-MonAppliSante.jpeg 1880w, https:\/\/powertekfrance.fr\/wp-content\/uploads\/2024\/04\/Image-Test-Blog-MonAppliSante-300x200.jpeg 300w, https:\/\/powertekfrance.fr\/wp-content\/uploads\/2024\/04\/Image-Test-Blog-MonAppliSante-1024x682.jpeg 1024w, https:\/\/powertekfrance.fr\/wp-content\/uploads\/2024\/04\/Image-Test-Blog-MonAppliSante-768x512.jpeg 768w, https:\/\/powertekfrance.fr\/wp-content\/uploads\/2024\/04\/Image-Test-Blog-MonAppliSante-1536x1024.jpeg 1536w\" sizes=\"(max-width: 1880px) 100vw, 1880px\" \/>\t\t\t\t\t\t\t\t\t\t\t\t\t<\/div>\n\t\t\t\t<\/div>\n\t\t\t\t<\/div>\n\t\t<div class=\"elementor-element elementor-element-521eed9 e-con-full e-flex e-con e-child\" data-id=\"521eed9\" data-element_type=\"container\" data-settings=\"{&quot;_ha_eqh_enable&quot;:false}\">\n\t\t\t\t<div class=\"elementor-element elementor-element-06a5d9d elementor-widget-tablet__width-initial elementor-widget-mobile__width-initial elementor-widget elementor-widget-heading\" data-id=\"06a5d9d\" data-element_type=\"widget\" data-widget_type=\"heading.default\">\n\t\t\t\t<div class=\"elementor-widget-container\">\n\t\t\t<h6 class=\"elementor-heading-title elementor-size-default\">Inspection de la qualit\u00e9\nde service<\/h6>\t\t<\/div>\n\t\t\t\t<\/div>\n\t\t\t\t<\/div>\n\t\t<div class=\"elementor-element elementor-element-f8fbb55 e-con-full e-flex e-con e-child\" data-id=\"f8fbb55\" data-element_type=\"container\" data-settings=\"{&quot;_ha_eqh_enable&quot;:false}\">\n\t\t\t\t<\/div>\n\t\t\t\t<\/div>\n\t\t<div class=\"elementor-element elementor-element-ebf6542 e-con-full e-flex e-con e-child\" data-id=\"ebf6542\" data-element_type=\"container\" data-settings=\"{&quot;background_background&quot;:&quot;classic&quot;,&quot;_ha_eqh_enable&quot;:false}\">\n\t\t<div class=\"elementor-element elementor-element-b189222 e-con-full e-flex e-con e-child\" data-id=\"b189222\" data-element_type=\"container\" data-settings=\"{&quot;_ha_eqh_enable&quot;:false}\">\n\t\t\t\t<div class=\"elementor-element elementor-element-1703609 elementor-widget elementor-widget-image\" data-id=\"1703609\" data-element_type=\"widget\" data-widget_type=\"image.default\">\n\t\t\t\t<div class=\"elementor-widget-container\">\n\t\t\t\t\t\t\t\t\t\t\t\t\t<img decoding=\"async\" width=\"226\" height=\"300\" src=\"https:\/\/powertekfrance.fr\/wp-content\/uploads\/2024\/04\/Image-presentation-produit-226x300.png\" class=\"attachment-medium size-medium wp-image-496\" alt=\"\" srcset=\"https:\/\/powertekfrance.fr\/wp-content\/uploads\/2024\/04\/Image-presentation-produit-226x300.png 226w, https:\/\/powertekfrance.fr\/wp-content\/uploads\/2024\/04\/Image-presentation-produit.png 463w\" sizes=\"(max-width: 226px) 100vw, 226px\" \/>\t\t\t\t\t\t\t\t\t\t\t\t\t<\/div>\n\t\t\t\t<\/div>\n\t\t\t\t<\/div>\n\t\t<div class=\"elementor-element elementor-element-1492456 e-con-full e-flex e-con e-child\" data-id=\"1492456\" data-element_type=\"container\" data-settings=\"{&quot;_ha_eqh_enable&quot;:false}\">\n\t\t\t\t<div class=\"elementor-element elementor-element-a890cf5 elementor-widget-tablet__width-initial elementor-widget-mobile__width-initial elementor-widget elementor-widget-heading\" data-id=\"a890cf5\" data-element_type=\"widget\" data-widget_type=\"heading.default\">\n\t\t\t\t<div class=\"elementor-widget-container\">\n\t\t\t<h6 class=\"elementor-heading-title elementor-size-default\">Audit, essais routine\net de r\u00e9ception<\/h6>\t\t<\/div>\n\t\t\t\t<\/div>\n\t\t\t\t<\/div>\n\t\t<div class=\"elementor-element elementor-element-96ec345 e-con-full e-flex e-con e-child\" data-id=\"96ec345\" data-element_type=\"container\" data-settings=\"{&quot;_ha_eqh_enable&quot;:false}\">\n\t\t\t\t<div class=\"elementor-element elementor-element-e126efb elementor-widget elementor-widget-text-editor\" data-id=\"e126efb\" data-element_type=\"widget\" data-widget_type=\"text-editor.default\">\n\t\t\t\t<div class=\"elementor-widget-container\">\n\t\t\t\t\t\t\t<p><span style=\"font-weight: 400;\">Nos \u00e9quipes vous offrent des services FAT (Factory Acceptance Test) ou SAT (essais de mise en service sur place) sur tous les produits et syst\u00e8mes fournis par Powertek. Nous sommes habilit\u00e9s par APAVE \u00e0 travailler dans des sous-stations MT\/HT sous tension.<\/span><\/p>\t\t\t\t\t\t<\/div>\n\t\t\t\t<\/div>\n\t\t\t\t<\/div>\n\t\t\t\t<\/div>\n\t\t<div class=\"elementor-element elementor-element-d84ddd2 e-con-full e-flex e-con e-child\" data-id=\"d84ddd2\" data-element_type=\"container\" data-settings=\"{&quot;background_background&quot;:&quot;classic&quot;,&quot;_ha_eqh_enable&quot;:false}\">\n\t\t<div class=\"elementor-element elementor-element-30e1d08 e-con-full e-flex e-con e-child\" data-id=\"30e1d08\" data-element_type=\"container\" data-settings=\"{&quot;_ha_eqh_enable&quot;:false}\">\n\t\t\t\t<div class=\"elementor-element elementor-element-e617de1 elementor-widget elementor-widget-image\" data-id=\"e617de1\" data-element_type=\"widget\" data-widget_type=\"image.default\">\n\t\t\t\t<div class=\"elementor-widget-container\">\n\t\t\t\t\t\t\t\t\t\t\t\t\t<img loading=\"lazy\" decoding=\"async\" width=\"1160\" height=\"844\" src=\"https:\/\/powertekfrance.fr\/wp-content\/uploads\/2024\/05\/Mise-en-service.png\" class=\"attachment-full size-full wp-image-1264\" alt=\"\" srcset=\"https:\/\/powertekfrance.fr\/wp-content\/uploads\/2024\/05\/Mise-en-service.png 1160w, https:\/\/powertekfrance.fr\/wp-content\/uploads\/2024\/05\/Mise-en-service-300x218.png 300w, https:\/\/powertekfrance.fr\/wp-content\/uploads\/2024\/05\/Mise-en-service-1024x745.png 1024w, https:\/\/powertekfrance.fr\/wp-content\/uploads\/2024\/05\/Mise-en-service-768x559.png 768w\" sizes=\"(max-width: 1160px) 100vw, 1160px\" \/>\t\t\t\t\t\t\t\t\t\t\t\t\t<\/div>\n\t\t\t\t<\/div>\n\t\t\t\t<\/div>\n\t\t<div class=\"elementor-element elementor-element-ff69605 e-con-full e-flex e-con e-child\" data-id=\"ff69605\" data-element_type=\"container\" data-settings=\"{&quot;_ha_eqh_enable&quot;:false}\">\n\t\t\t\t<div class=\"elementor-element elementor-element-96cc4f1 elementor-widget-tablet__width-initial elementor-widget-mobile__width-initial elementor-widget elementor-widget-heading\" data-id=\"96cc4f1\" data-element_type=\"widget\" data-widget_type=\"heading.default\">\n\t\t\t\t<div class=\"elementor-widget-container\">\n\t\t\t<h6 class=\"elementor-heading-title elementor-size-default\">Maintenance &\nMise en service<\/h6>\t\t<\/div>\n\t\t\t\t<\/div>\n\t\t\t\t<\/div>\n\t\t<div class=\"elementor-element elementor-element-074444d e-con-full e-flex e-con e-child\" data-id=\"074444d\" data-element_type=\"container\" data-settings=\"{&quot;_ha_eqh_enable&quot;:false}\">\n\t\t\t\t<div class=\"elementor-element elementor-element-ee8168f elementor-widget elementor-widget-text-editor\" data-id=\"ee8168f\" data-element_type=\"widget\" data-widget_type=\"text-editor.default\">\n\t\t\t\t<div class=\"elementor-widget-container\">\n\t\t\t\t\t\t\t<p><span style=\"font-weight: 400;\">Powertek fourni des prestations de maintenance et de mise en service. Nos \u00e9quipes form\u00e9s \u00e0 plusieurs familles et marques de relais, habilit\u00e9s \u00e0 travailler jusqu\u2019en milieu nucl\u00e9aire (HN1\/HN2) interviennent \u00e0 plusieurs niveau et stades d\u2019un projet de r\u00e9alisation ou de gestion de cycle de vie des installations: param\u00e9trage, mise en service, injection secondaire (mise en service) , essais routines , essais annuels de maintenance etc<\/span><\/p>\t\t\t\t\t\t<\/div>\n\t\t\t\t<\/div>\n\t\t\t\t<\/div>\n\t\t\t\t<\/div>\n\t\t<div class=\"elementor-element elementor-element-cbc9b75 e-con-full e-flex e-con e-child\" data-id=\"cbc9b75\" data-element_type=\"container\" data-settings=\"{&quot;background_background&quot;:&quot;classic&quot;,&quot;_ha_eqh_enable&quot;:false}\">\n\t\t<div class=\"elementor-element elementor-element-633bd50 e-con-full e-flex e-con e-child\" data-id=\"633bd50\" data-element_type=\"container\" data-settings=\"{&quot;_ha_eqh_enable&quot;:false}\">\n\t\t\t\t<div class=\"elementor-element elementor-element-72ff51c elementor-widget elementor-widget-image\" data-id=\"72ff51c\" data-element_type=\"widget\" data-widget_type=\"image.default\">\n\t\t\t\t<div class=\"elementor-widget-container\">\n\t\t\t\t\t\t\t\t\t\t\t\t\t<img loading=\"lazy\" decoding=\"async\" width=\"1160\" height=\"844\" src=\"https:\/\/powertekfrance.fr\/wp-content\/uploads\/2024\/05\/Formation-Mastergrid.png\" class=\"attachment-full size-full wp-image-1262\" alt=\"Formation Mastergrid\" srcset=\"https:\/\/powertekfrance.fr\/wp-content\/uploads\/2024\/05\/Formation-Mastergrid.png 1160w, https:\/\/powertekfrance.fr\/wp-content\/uploads\/2024\/05\/Formation-Mastergrid-300x218.png 300w, https:\/\/powertekfrance.fr\/wp-content\/uploads\/2024\/05\/Formation-Mastergrid-1024x745.png 1024w, https:\/\/powertekfrance.fr\/wp-content\/uploads\/2024\/05\/Formation-Mastergrid-768x559.png 768w\" sizes=\"(max-width: 1160px) 100vw, 1160px\" \/>\t\t\t\t\t\t\t\t\t\t\t\t\t<\/div>\n\t\t\t\t<\/div>\n\t\t\t\t<\/div>\n\t\t<div class=\"elementor-element elementor-element-4ff28ba e-con-full e-flex e-con e-child\" data-id=\"4ff28ba\" data-element_type=\"container\" data-settings=\"{&quot;_ha_eqh_enable&quot;:false}\">\n\t\t\t\t<div class=\"elementor-element elementor-element-57016a6 elementor-widget-tablet__width-initial elementor-widget-mobile__width-initial elementor-widget elementor-widget-heading\" data-id=\"57016a6\" data-element_type=\"widget\" data-widget_type=\"heading.default\">\n\t\t\t\t<div class=\"elementor-widget-container\">\n\t\t\t<h6 class=\"elementor-heading-title elementor-size-default\">Formation et assistance\ntechnique<\/h6>\t\t<\/div>\n\t\t\t\t<\/div>\n\t\t\t\t<\/div>\n\t\t<div class=\"elementor-element elementor-element-609949a e-con-full e-flex e-con e-child\" data-id=\"609949a\" data-element_type=\"container\" data-settings=\"{&quot;_ha_eqh_enable&quot;:false}\">\n\t\t\t\t<div class=\"elementor-element elementor-element-122b1d0 elementor-widget elementor-widget-text-editor\" data-id=\"122b1d0\" data-element_type=\"widget\" data-widget_type=\"text-editor.default\">\n\t\t\t\t<div class=\"elementor-widget-container\">\n\t\t\t\t\t\t\t<p><span style=\"font-weight: 400;\">Nos \u00e9quipes vous proposent un large choix de formations couvrant l\u2019appareillage des postes \u00e9lectriques haute tension, disjoncteurs conventionnels, postes sous enveloppe m\u00e9tallique, circuits hydrauliques, certification SF6, Pass Haute Tension ou HTB. Nos formations sont dispens\u00e9es par des experts qualifi\u00e9s et form\u00e9s sur des appareillages de postes de diff\u00e9rentes marques : Merlin Gerin, Schneider Electric HV, VATECH et autres.<\/span><\/p>\t\t\t\t\t\t<\/div>\n\t\t\t\t<\/div>\n\t\t\t\t<\/div>\n\t\t\t\t<\/div>\n\t\t<div class=\"elementor-element elementor-element-d426100 e-con-full e-flex e-con e-child\" data-id=\"d426100\" data-element_type=\"container\" data-settings=\"{&quot;background_background&quot;:&quot;classic&quot;,&quot;_ha_eqh_enable&quot;:false}\">\n\t\t<div class=\"elementor-element elementor-element-21c77ee e-con-full e-flex e-con e-child\" data-id=\"21c77ee\" data-element_type=\"container\" data-settings=\"{&quot;_ha_eqh_enable&quot;:false}\">\n\t\t\t\t<\/div>\n\t\t<div class=\"elementor-element elementor-element-959074f e-con-full e-flex e-con e-child\" data-id=\"959074f\" data-element_type=\"container\" data-settings=\"{&quot;_ha_eqh_enable&quot;:false}\">\n\t\t\t\t<div class=\"elementor-element elementor-element-c46a89d elementor-widget-tablet__width-initial elementor-widget-mobile__width-initial elementor-widget elementor-widget-heading\" data-id=\"c46a89d\" data-element_type=\"widget\" data-widget_type=\"heading.default\">\n\t\t\t\t<div class=\"elementor-widget-container\">\n\t\t\t<h6 class=\"elementor-heading-title elementor-size-default\">Nos Produits \"Service\"<\/h6>\t\t<\/div>\n\t\t\t\t<\/div>\n\t\t\t\t<\/div>\n\t\t<div class=\"elementor-element elementor-element-557e94d e-con-full e-flex e-con e-child\" data-id=\"557e94d\" data-element_type=\"container\" data-settings=\"{&quot;_ha_eqh_enable&quot;:false}\">\n\t\t\t\t<\/div>\n\t\t\t\t<\/div>\n\t\t\t\t<\/div>\n\t\t\t\t<\/div>\n\t\t","protected":false},"excerpt":{"rendered":"<p>Services Essais et diagnostiques Le parafoudre est un \u00e9l\u00e9ment de protection essentiel de vos transformateurs. Notre service d&#8217;inspection HT des parafoudres \u00e0 oxyde m\u00e9tallique est r\u00e9alis\u00e9 en ligne. En 15 minutes, nos experts v\u00e9rifient l&#8217;\u00e9tat de vos parafoudres pour s&#8217;assurer que vos transformateurs sont toujours correctement prot\u00e9g\u00e9s. Technique de surveillance \u00e9prouv\u00e9e et reconnue utilisant l&#8217;analyse [&hellip;]<\/p>\n","protected":false},"author":1,"featured_media":0,"parent":0,"menu_order":0,"comment_status":"closed","ping_status":"closed","template":"elementor_header_footer","meta":{"footnotes":""},"class_list":["post-359","page","type-page","status-publish","hentry"],"_links":{"self":[{"href":"https:\/\/powertekfrance.fr\/index.php\/wp-json\/wp\/v2\/pages\/359","targetHints":{"allow":["GET"]}}],"collection":[{"href":"https:\/\/powertekfrance.fr\/index.php\/wp-json\/wp\/v2\/pages"}],"about":[{"href":"https:\/\/powertekfrance.fr\/index.php\/wp-json\/wp\/v2\/types\/page"}],"author":[{"embeddable":true,"href":"https:\/\/powertekfrance.fr\/index.php\/wp-json\/wp\/v2\/users\/1"}],"replies":[{"embeddable":true,"href":"https:\/\/powertekfrance.fr\/index.php\/wp-json\/wp\/v2\/comments?post=359"}],"version-history":[{"count":85,"href":"https:\/\/powertekfrance.fr\/index.php\/wp-json\/wp\/v2\/pages\/359\/revisions"}],"predecessor-version":[{"id":1577,"href":"https:\/\/powertekfrance.fr\/index.php\/wp-json\/wp\/v2\/pages\/359\/revisions\/1577"}],"wp:attachment":[{"href":"https:\/\/powertekfrance.fr\/index.php\/wp-json\/wp\/v2\/media?parent=359"}],"curies":[{"name":"wp","href":"https:\/\/api.w.org\/{rel}","templated":true}]}}